{"id":8,"date":"2021-09-03T00:24:29","date_gmt":"2021-09-03T00:24:29","guid":{"rendered":"http:\/\/www.ilhamaior.pt\/Wp\/?page_id=8"},"modified":"2026-04-10T09:16:44","modified_gmt":"2026-04-10T09:16:44","slug":"editorial","status":"publish","type":"page","link":"https:\/\/www.ilhamaior.pt\/Wp\/","title":{"rendered":""},"content":{"rendered":"\t\t<div data-elementor-type=\"wp-page\" data-elementor-id=\"8\" class=\"elementor elementor-8\">\n\t\t\t\t\t\t<section class=\"elementor-section elementor-top-section elementor-element elementor-element-810ab99 elementor-section-boxed elementor-section-height-default elementor-section-height-default\" data-id=\"810ab99\" data-element_type=\"section\" data-e-type=\"section\" data-settings=\"{&quot;background_background&quot;:&quot;classic&quot;}\">\n\t\t\t\t\t\t<div class=\"elementor-container elementor-column-gap-default\">\n\t\t\t\t\t<div class=\"elementor-column elementor-col-100 elementor-top-column elementor-element elementor-element-2e7138e\" data-id=\"2e7138e\" data-element_type=\"column\" data-e-type=\"column\">\n\t\t\t<div class=\"elementor-widget-wrap elementor-element-populated\">\n\t\t\t\t\t\t<div class=\"elementor-element elementor-element-aa7685d elementor-widget elementor-widget-heading\" data-id=\"aa7685d\" data-element_type=\"widget\" data-e-type=\"widget\" data-widget_type=\"heading.default\">\n\t\t\t\t<div class=\"elementor-widget-container\">\n\t\t\t\t\t<h2 class=\"elementor-heading-title elementor-size-default\"><span style=\"font-family: Bitter;font-size: 41.136px;font-weight: 400;white-space: normal\">\u00daltima Edi\u00e7\u00e3o<\/span><\/h2>\t\t\t\t<\/div>\n\t\t\t\t<\/div>\n\t\t\t\t\t<\/div>\n\t\t<\/div>\n\t\t\t\t\t<\/div>\n\t\t<\/section>\n\t\t\t\t<section class=\"elementor-section elementor-top-section elementor-element elementor-element-cce2946 elementor-section-boxed elementor-section-height-default elementor-section-height-default\" data-id=\"cce2946\" data-element_type=\"section\" data-e-type=\"section\">\n\t\t\t\t\t\t<div class=\"elementor-container elementor-column-gap-default\">\n\t\t\t\t\t<div class=\"elementor-column elementor-col-66 elementor-top-column elementor-element elementor-element-b5cdced\" data-id=\"b5cdced\" data-element_type=\"column\" data-e-type=\"column\">\n\t\t\t<div class=\"elementor-widget-wrap elementor-element-populated\">\n\t\t\t\t\t\t<div class=\"elementor-element elementor-element-357a26d elementor-widget elementor-widget-image\" data-id=\"357a26d\" data-element_type=\"widget\" data-e-type=\"widget\" data-widget_type=\"image.default\">\n\t\t\t\t<div class=\"elementor-widget-container\">\n\t\t\t\t\t\t\t\t\t\t\t\t\t\t\t\t<a href=\"https:\/\/www.ilhamaior.pt\/jornal\/2026\/IlhaMaior_10-04-26.pdf\">\n\t\t\t\t\t\t\t<img fetchpriority=\"high\" decoding=\"async\" width=\"771\" height=\"1024\" src=\"https:\/\/www.ilhamaior.pt\/Wp\/wp-content\/uploads\/2026\/04\/capa-1-771x1024.jpg\" class=\"attachment-large size-large wp-image-7752\" alt=\"\" srcset=\"https:\/\/www.ilhamaior.pt\/Wp\/wp-content\/uploads\/2026\/04\/capa-1-771x1024.jpg 771w, https:\/\/www.ilhamaior.pt\/Wp\/wp-content\/uploads\/2026\/04\/capa-1-226x300.jpg 226w, https:\/\/www.ilhamaior.pt\/Wp\/wp-content\/uploads\/2026\/04\/capa-1-768x1021.jpg 768w, https:\/\/www.ilhamaior.pt\/Wp\/wp-content\/uploads\/2026\/04\/capa-1-1156x1536.jpg 1156w, https:\/\/www.ilhamaior.pt\/Wp\/wp-content\/uploads\/2026\/04\/capa-1-1541x2048.jpg 1541w, https:\/\/www.ilhamaior.pt\/Wp\/wp-content\/uploads\/2026\/04\/capa-1-scaled.jpg 1926w\" sizes=\"(max-width: 771px) 100vw, 771px\" \/>\t\t\t\t\t\t\t\t<\/a>\n\t\t\t\t\t\t\t\t\t\t\t\t\t\t\t<\/div>\n\t\t\t\t<\/div>\n\t\t\t\t\t<\/div>\n\t\t<\/div>\n\t\t\t\t<div class=\"elementor-column elementor-col-33 elementor-top-column elementor-element elementor-element-083c4e8\" data-id=\"083c4e8\" data-element_type=\"column\" data-e-type=\"column\">\n\t\t\t<div class=\"elementor-widget-wrap elementor-element-populated\">\n\t\t\t\t\t\t<div class=\"elementor-element elementor-element-059795a elementor-widget elementor-widget-heading\" data-id=\"059795a\" data-element_type=\"widget\" data-e-type=\"widget\" data-widget_type=\"heading.default\">\n\t\t\t\t<div class=\"elementor-widget-container\">\n\t\t\t\t\t<h2 class=\"elementor-heading-title elementor-size-default\">PONTOS DE VENDA<\/h2>\t\t\t\t<\/div>\n\t\t\t\t<\/div>\n\t\t\t\t<div class=\"elementor-element elementor-element-70ba409 elementor-widget elementor-widget-text-editor\" data-id=\"70ba409\" data-element_type=\"widget\" data-e-type=\"widget\" data-widget_type=\"text-editor.default\">\n\t\t\t\t<div class=\"elementor-widget-container\">\n\t\t\t\t\t\t\t\t\t<p>Para al\u00e9m de poder comprar o jornal <br>na reda\u00e7\u00e3o do Ilha Maior, tamb\u00e9m poder\u00e1 encontr\u00e1-lo nos seguintes estabelecimentos<\/p>\t\t\t\t\t\t\t\t<\/div>\n\t\t\t\t<\/div>\n\t\t\t\t<div class=\"elementor-element elementor-element-52e29e0 elementor-widget elementor-widget-image\" data-id=\"52e29e0\" data-element_type=\"widget\" data-e-type=\"widget\" data-widget_type=\"image.default\">\n\t\t\t\t<div class=\"elementor-widget-container\">\n\t\t\t\t\t\t\t\t\t\t\t\t\t\t\t<img decoding=\"async\" width=\"955\" height=\"330\" src=\"https:\/\/www.ilhamaior.pt\/Wp\/wp-content\/uploads\/2022\/10\/parafarmacia-1024x354.jpg\" class=\"attachment-large size-large wp-image-4687\" alt=\"\" srcset=\"https:\/\/www.ilhamaior.pt\/Wp\/wp-content\/uploads\/2022\/10\/parafarmacia-1024x354.jpg 1024w, https:\/\/www.ilhamaior.pt\/Wp\/wp-content\/uploads\/2022\/10\/parafarmacia-300x104.jpg 300w, https:\/\/www.ilhamaior.pt\/Wp\/wp-content\/uploads\/2022\/10\/parafarmacia-768x265.jpg 768w, https:\/\/www.ilhamaior.pt\/Wp\/wp-content\/uploads\/2022\/10\/parafarmacia-1536x531.jpg 1536w, https:\/\/www.ilhamaior.pt\/Wp\/wp-content\/uploads\/2022\/10\/parafarmacia-2048x708.jpg 2048w\" sizes=\"(max-width: 955px) 100vw, 955px\" \/>\t\t\t\t\t\t\t\t\t\t\t\t\t\t\t<\/div>\n\t\t\t\t<\/div>\n\t\t\t\t<div class=\"elementor-element elementor-element-6283c1f elementor-widget elementor-widget-google_maps\" data-id=\"6283c1f\" data-element_type=\"widget\" data-e-type=\"widget\" data-widget_type=\"google_maps.default\">\n\t\t\t\t<div class=\"elementor-widget-container\">\n\t\t\t\t\t\t\t<div class=\"elementor-custom-embed\">\n\t\t\t<iframe loading=\"lazy\"\n\t\t\t\t\tsrc=\"https:\/\/maps.google.com\/maps?q=Parafarm%C3%A1cia%202351%2C%20Madalena&#038;t=m&#038;z=10&#038;output=embed&#038;iwloc=near\"\n\t\t\t\t\ttitle=\"Parafarm\u00e1cia 2351, Madalena\"\n\t\t\t\t\taria-label=\"Parafarm\u00e1cia 2351, Madalena\"\n\t\t\t><\/iframe>\n\t\t<\/div>\n\t\t\t\t\t\t<\/div>\n\t\t\t\t<\/div>\n\t\t\t\t<div class=\"elementor-element elementor-element-bc19f4c elementor-widget elementor-widget-image\" data-id=\"bc19f4c\" data-element_type=\"widget\" data-e-type=\"widget\" data-widget_type=\"image.default\">\n\t\t\t\t<div class=\"elementor-widget-container\">\n\t\t\t\t\t\t\t\t\t\t\t\t\t\t\t<img decoding=\"async\" width=\"955\" height=\"330\" src=\"https:\/\/www.ilhamaior.pt\/Wp\/wp-content\/uploads\/2022\/10\/belarte-1-1024x354.jpg\" class=\"attachment-large size-large wp-image-4688\" alt=\"\" srcset=\"https:\/\/www.ilhamaior.pt\/Wp\/wp-content\/uploads\/2022\/10\/belarte-1-1024x354.jpg 1024w, https:\/\/www.ilhamaior.pt\/Wp\/wp-content\/uploads\/2022\/10\/belarte-1-300x104.jpg 300w, https:\/\/www.ilhamaior.pt\/Wp\/wp-content\/uploads\/2022\/10\/belarte-1-768x265.jpg 768w, https:\/\/www.ilhamaior.pt\/Wp\/wp-content\/uploads\/2022\/10\/belarte-1-1536x531.jpg 1536w, https:\/\/www.ilhamaior.pt\/Wp\/wp-content\/uploads\/2022\/10\/belarte-1-2048x708.jpg 2048w\" sizes=\"(max-width: 955px) 100vw, 955px\" \/>\t\t\t\t\t\t\t\t\t\t\t\t\t\t\t<\/div>\n\t\t\t\t<\/div>\n\t\t\t\t<div class=\"elementor-element elementor-element-47036b2 elementor-widget elementor-widget-google_maps\" data-id=\"47036b2\" data-element_type=\"widget\" data-e-type=\"widget\" data-widget_type=\"google_maps.default\">\n\t\t\t\t<div class=\"elementor-widget-container\">\n\t\t\t\t\t\t\t<div class=\"elementor-custom-embed\">\n\t\t\t<iframe loading=\"lazy\"\n\t\t\t\t\tsrc=\"https:\/\/maps.google.com\/maps?q=Bel%60arte%2C%20Ilha%20do%20Pico%2C%20Rua%20Visconde%20Leite%20Perry%2C%20Madalena&#038;t=m&#038;z=10&#038;output=embed&#038;iwloc=near\"\n\t\t\t\t\ttitle=\"Bel`arte, Ilha do Pico, Rua Visconde Leite Perry, Madalena\"\n\t\t\t\t\taria-label=\"Bel`arte, Ilha do Pico, Rua Visconde Leite Perry, Madalena\"\n\t\t\t><\/iframe>\n\t\t<\/div>\n\t\t\t\t\t\t<\/div>\n\t\t\t\t<\/div>\n\t\t\t\t<div class=\"elementor-element elementor-element-20e71a3 elementor-widget elementor-widget-image\" data-id=\"20e71a3\" data-element_type=\"widget\" data-e-type=\"widget\" data-widget_type=\"image.default\">\n\t\t\t\t<div class=\"elementor-widget-container\">\n\t\t\t\t\t\t\t\t\t\t\t\t\t\t\t<img loading=\"lazy\" decoding=\"async\" width=\"955\" height=\"330\" src=\"https:\/\/www.ilhamaior.pt\/Wp\/wp-content\/uploads\/2022\/10\/jaiminho-1024x354.jpg\" class=\"attachment-large size-large wp-image-4689\" alt=\"\" srcset=\"https:\/\/www.ilhamaior.pt\/Wp\/wp-content\/uploads\/2022\/10\/jaiminho-1024x354.jpg 1024w, https:\/\/www.ilhamaior.pt\/Wp\/wp-content\/uploads\/2022\/10\/jaiminho-300x104.jpg 300w, https:\/\/www.ilhamaior.pt\/Wp\/wp-content\/uploads\/2022\/10\/jaiminho-768x265.jpg 768w, https:\/\/www.ilhamaior.pt\/Wp\/wp-content\/uploads\/2022\/10\/jaiminho-1536x531.jpg 1536w, https:\/\/www.ilhamaior.pt\/Wp\/wp-content\/uploads\/2022\/10\/jaiminho-2048x708.jpg 2048w\" sizes=\"(max-width: 955px) 100vw, 955px\" \/>\t\t\t\t\t\t\t\t\t\t\t\t\t\t\t<\/div>\n\t\t\t\t<\/div>\n\t\t\t\t<div class=\"elementor-element elementor-element-0420d35 elementor-widget elementor-widget-google_maps\" data-id=\"0420d35\" data-element_type=\"widget\" data-e-type=\"widget\" data-widget_type=\"google_maps.default\">\n\t\t\t\t<div class=\"elementor-widget-container\">\n\t\t\t\t\t\t\t<div class=\"elementor-custom-embed\">\n\t\t\t<iframe loading=\"lazy\"\n\t\t\t\t\tsrc=\"https:\/\/maps.google.com\/maps?q=Jos%C3%A9%20Carlos%20%C3%81&#038;t=m&#038;z=10&#038;output=embed&#038;iwloc=near\"\n\t\t\t\t\ttitle=\"Jos\u00e9 Carlos \u00c1\"\n\t\t\t\t\taria-label=\"Jos\u00e9 Carlos \u00c1\"\n\t\t\t><\/iframe>\n\t\t<\/div>\n\t\t\t\t\t\t<\/div>\n\t\t\t\t<\/div>\n\t\t\t\t\t<\/div>\n\t\t<\/div>\n\t\t\t\t\t<\/div>\n\t\t<\/section>\n\t\t\t\t<\/div>\n\t\t","protected":false},"excerpt":{"rendered":"<p>\u00daltima Edi\u00e7\u00e3o PONTOS DE VENDA Para al\u00e9m de poder comprar o jornal na reda\u00e7\u00e3o do Ilha Maior, tamb\u00e9m poder\u00e1 encontr\u00e1-lo nos seguintes estabelecimentos<\/p>\n","protected":false},"author":1,"featured_media":0,"parent":0,"menu_order":0,"comment_status":"closed","ping_status":"closed","template":"","meta":{"footnotes":""},"class_list":["post-8","page","type-page","status-publish","hentry"],"jetpack_sharing_enabled":true,"_links":{"self":[{"href":"https:\/\/www.ilhamaior.pt\/Wp\/wp-json\/wp\/v2\/pages\/8","targetHints":{"allow":["GET"]}}],"collection":[{"href":"https:\/\/www.ilhamaior.pt\/Wp\/wp-json\/wp\/v2\/pages"}],"about":[{"href":"https:\/\/www.ilhamaior.pt\/Wp\/wp-json\/wp\/v2\/types\/page"}],"author":[{"embeddable":true,"href":"https:\/\/www.ilhamaior.pt\/Wp\/wp-json\/wp\/v2\/users\/1"}],"replies":[{"embeddable":true,"href":"https:\/\/www.ilhamaior.pt\/Wp\/wp-json\/wp\/v2\/comments?post=8"}],"version-history":[{"count":2030,"href":"https:\/\/www.ilhamaior.pt\/Wp\/wp-json\/wp\/v2\/pages\/8\/revisions"}],"predecessor-version":[{"id":7755,"href":"https:\/\/www.ilhamaior.pt\/Wp\/wp-json\/wp\/v2\/pages\/8\/revisions\/7755"}],"wp:attachment":[{"href":"https:\/\/www.ilhamaior.pt\/Wp\/wp-json\/wp\/v2\/media?parent=8"}],"curies":[{"name":"wp","href":"https:\/\/api.w.org\/{rel}","templated":true}]}}